{"id":3157,"date":"2025-10-31T12:58:25","date_gmt":"2025-10-31T12:58:25","guid":{"rendered":"https:\/\/avento.travel\/?page_id=3157"},"modified":"2025-11-24T19:47:44","modified_gmt":"2025-11-24T19:47:44","slug":"ava","status":"publish","type":"page","link":"https:\/\/avento.travel\/en\/ava\/","title":{"rendered":"AVA"},"content":{"rendered":"<div data-elementor-type=\"wp-page\" data-elementor-id=\"3157\" class=\"elementor elementor-3157\" data-elementor-post-type=\"page\">\n\t\t\t\t<div class=\"elementor-element elementor-element-ac12e5d e-flex e-con-boxed e-con e-parent\" data-id=\"ac12e5d\" data-element_type=\"container\" data-settings=\"{&quot;background_background&quot;:&quot;classic&quot;,&quot;jet_parallax_layout_list&quot;:[]}\">\n\t\t\t\t\t<div class=\"e-con-inner\">\n\t\t<div class=\"elementor-element elementor-element-506e738 e-con-full e-flex e-con e-child\" data-id=\"506e738\" data-element_type=\"container\" data-settings=\"{&quot;jet_parallax_layout_list&quot;:[]}\">\n\t\t<div class=\"elementor-element elementor-element-3acf1b8 e-con-full e-flex e-con e-child\" data-id=\"3acf1b8\" data-element_type=\"container\" data-settings=\"{&quot;jet_parallax_layout_list&quot;:[]}\">\n\t\t\t\t<div class=\"elementor-element elementor-element-9c140be elementor-widget elementor-widget-heading\" data-id=\"9c140be\" data-element_type=\"widget\" data-widget_type=\"heading.default\">\n\t\t\t\t<div class=\"elementor-widget-container\">\n\t\t\t\t\t<h2 class=\"elementor-heading-title elementor-size-default\">Meet AVA, our Virtual Travel Assistant.<\/h2>\t\t\t\t<\/div>\n\t\t\t\t<\/div>\n\t\t\t\t<div class=\"elementor-element elementor-element-7ec1adb elementor-hidden-mobile elementor-widget elementor-widget-text-editor\" data-id=\"7ec1adb\" data-element_type=\"widget\" data-widget_type=\"text-editor.default\">\n\t\t\t\t<div class=\"elementor-widget-container\">\n\t\t\t\t\t\t\t\t\t<p class=\"translation-block\">AVA is Avento Travel's artificial intelligence, developed to transform the way you plan your journeys.<\/p><p>Trained on exclusive data and specialized in personalized travel, AVA is ready to:<\/p><p class=\"translation-block\">Create exclusive and detailed itineraries.<\/p><p class=\"translation-block\">Offer tailor-made cultural and gastronomic experiences.<\/p><p class=\"translation-block\">Ensure unique and unforgettable recommendations.<\/p><p>She provides you with detailed suggestions and, when necessary, connects you with our specialists.<\/p>\t\t\t\t\t\t\t\t<\/div>\n\t\t\t\t<\/div>\n\t\t\t\t<div class=\"elementor-element elementor-element-37099e9 elementor-hidden-desktop elementor-hidden-tablet elementor-widget elementor-widget-text-editor\" data-id=\"37099e9\" data-element_type=\"widget\" data-widget_type=\"text-editor.default\">\n\t\t\t\t<div class=\"elementor-widget-container\">\n\t\t\t\t\t\t\t\t\t<p class=\"translation-block\">AVA is Avento Travel's artificial intelligence, developed to transform the way you plan your journeys.<\/p><p>Trained on exclusive data and specialized in personalized travel, AVA is ready to:<\/p><p class=\"translation-block\">Create exclusive and detailed itineraries.<\/p><p class=\"translation-block\">Offer tailor-made cultural and gastronomic experiences.<\/p><p class=\"translation-block\">Ensure unique and unforgettable recommendations.<\/p><p>She provides you with detailed suggestions and, when necessary, connects you with our specialists.<\/p>\t\t\t\t\t\t\t\t<\/div>\n\t\t\t\t<\/div>\n\t\t\t\t<\/div>\n\t\t<div class=\"elementor-element elementor-element-4e3a831 e-con-full e-flex e-con e-child\" data-id=\"4e3a831\" data-element_type=\"container\" data-settings=\"{&quot;jet_parallax_layout_list&quot;:[]}\">\n\t\t\t\t<div class=\"elementor-element elementor-element-f2addc6 elementor-widget elementor-widget-text-editor\" data-id=\"f2addc6\" data-element_type=\"widget\" data-widget_type=\"text-editor.default\">\n\t\t\t\t<div class=\"elementor-widget-container\">\n\t\t\t\t\t\t\t\t\t<iframe style=\"border: none; border-radius: 10px;\" title=\"Chatbot Embed\" src=\"https:\/\/platform.12brain.com\/embed\/chat\/53413\" width=\"100%\" height=\"500px\"><span data-mce-type=\"bookmark\" style=\"display: inline-block; width: 0px; overflow: hidden; line-height: 0;\" class=\"mce_SELRES_start\"><\/span><span data-mce-type=\"bookmark\" style=\"display: inline-block; width: 0px; overflow: hidden; line-height: 0;\" class=\"mce_SELRES_start\"><\/span><span data-mce-type=\"bookmark\" style=\"display: inline-block; width: 0px; overflow: hidden; line-height: 0;\" class=\"mce_SELRES_start\"><\/span><span data-mce-type=\"bookmark\" style=\"display: inline-block; width: 0px; overflow: hidden; line-height: 0;\" class=\"mce_SELRES_start\"><\/span><span data-mce-type=\"bookmark\" style=\"display: inline-block; width: 0px; overflow: hidden; line-height: 0;\" class=\"mce_SELRES_start\"><\/span>\n<\/iframe>\t\t\t\t\t\t\t\t<\/div>\n\t\t\t\t<\/div>\n\t\t\t\t<\/div>\n\t\t\t\t<\/div>\n\t\t\t\t\t<\/div>\n\t\t\t\t<\/div>\n\t\t\t\t<\/div>","protected":false},"excerpt":{"rendered":"<p>Fale com a AVA nossa assistente virtual de viagens. A AVA \u00e9 a intelig\u00eancia artificial da Avento Travel, desenvolvida para transformar a maneira como voc\u00ea planeja suas jornadas. Treinada com dados exclusivos e especializada em viagens personalizadas, a AVA est\u00e1 pronta para: Criar roteiros exclusivos e detalhados. Oferecer experi\u00eancias culturais e gastron\u00f4micas sob medida. Garantir [&hellip;]<\/p>","protected":false},"author":2,"featured_media":0,"parent":0,"menu_order":0,"comment_status":"closed","ping_status":"closed","template":"","meta":{"footnotes":""},"class_list":["post-3157","page","type-page","status-publish","hentry"],"_links":{"self":[{"href":"https:\/\/avento.travel\/en\/wp-json\/wp\/v2\/pages\/3157","targetHints":{"allow":["GET"]}}],"collection":[{"href":"https:\/\/avento.travel\/en\/wp-json\/wp\/v2\/pages"}],"about":[{"href":"https:\/\/avento.travel\/en\/wp-json\/wp\/v2\/types\/page"}],"author":[{"embeddable":true,"href":"https:\/\/avento.travel\/en\/wp-json\/wp\/v2\/users\/2"}],"replies":[{"embeddable":true,"href":"https:\/\/avento.travel\/en\/wp-json\/wp\/v2\/comments?post=3157"}],"version-history":[{"count":217,"href":"https:\/\/avento.travel\/en\/wp-json\/wp\/v2\/pages\/3157\/revisions"}],"predecessor-version":[{"id":3437,"href":"https:\/\/avento.travel\/en\/wp-json\/wp\/v2\/pages\/3157\/revisions\/3437"}],"wp:attachment":[{"href":"https:\/\/avento.travel\/en\/wp-json\/wp\/v2\/media?parent=3157"}],"curies":[{"name":"wp","href":"https:\/\/api.w.org\/{rel}","templated":true}]}}