{"id":3088,"date":"2025-10-29T17:00:51","date_gmt":"2025-10-29T17:00:51","guid":{"rendered":"https:\/\/dev.uplevelbrasil.com.br\/avento\/?page_id=3088"},"modified":"2025-10-29T17:02:25","modified_gmt":"2025-10-29T17:02:25","slug":"pagina-de-obrigado-lp","status":"publish","type":"page","link":"https:\/\/avento.travel\/en\/pagina-de-obrigado-lp\/","title":{"rendered":"P\u00e1gina de Obrigado &#8211; LP"},"content":{"rendered":"<div data-elementor-type=\"wp-page\" data-elementor-id=\"3088\" class=\"elementor elementor-3088\" data-elementor-post-type=\"page\">\n\t\t\t\t<div class=\"elementor-element elementor-element-5f2b3cc e-flex e-con-boxed e-con e-parent\" data-id=\"5f2b3cc\" data-element_type=\"container\" data-settings=\"{&quot;jet_parallax_layout_list&quot;:[]}\">\n\t\t\t\t\t<div class=\"e-con-inner\">\n\t\t<div class=\"elementor-element elementor-element-cc69467 e-con-full e-flex e-con e-child\" data-id=\"cc69467\" data-element_type=\"container\" data-settings=\"{&quot;jet_parallax_layout_list&quot;:[]}\">\n\t\t\t\t<div class=\"elementor-element elementor-element-04f8bf2 elementor-widget__width-initial elementor-view-default elementor-widget elementor-widget-icon\" data-id=\"04f8bf2\" data-element_type=\"widget\" data-widget_type=\"icon.default\">\n\t\t\t\t<div class=\"elementor-widget-container\">\n\t\t\t\t\t\t\t<div class=\"elementor-icon-wrapper\">\n\t\t\t<a class=\"elementor-icon\" href=\"https:\/\/www.instagram.com\/aventotravel\/\" target=\"_blank\">\n\t\t\t<svg xmlns=\"http:\/\/www.w3.org\/2000\/svg\" width=\"50.981\" height=\"50.981\" viewbox=\"0 0 50.981 50.981\"><g id=\"Grupo_53\" data-name=\"Grupo 53\" transform=\"translate(-370 -102.019)\"><g id=\"Caminho_109\" data-name=\"Caminho 109\" transform=\"translate(370 102.019)\" fill=\"rgba(255,255,255,0)\"><path d=\"M 25.49051475524902 50.48103332519531 C 22.1165943145752 50.48103332519531 18.84386444091797 49.82035446166992 15.76323509216309 48.51736450195312 C 12.78744506835938 47.25870513916016 10.11480522155762 45.45672607421875 7.819554805755615 43.16147613525391 C 5.524304866790771 40.86623382568359 3.722334861755371 38.19359588623047 2.463674783706665 35.21779632568359 C 1.160674810409546 32.13716506958008 0.500004768371582 28.86443519592285 0.500004768371582 25.49051475524902 C 0.500004768371582 22.1165943145752 1.160674810409546 18.84386444091797 2.463674783706665 15.76323509216309 C 3.722334861755371 12.78744506835938 5.524304866790771 10.11480522155762 7.819554805755615 7.819554805755615 C 10.11480522155762 5.524304866790771 12.78744506835938 3.722334861755371 15.76323509216309 2.463674783706665 C 18.84386444091797 1.160674810409546 22.1165943145752 0.500004768371582 25.49051475524902 0.500004768371582 C 28.86443519592285 0.500004768371582 32.13716506958008 1.160674810409546 35.21779632568359 2.463674783706665 C 38.19359588623047 3.722334861755371 40.86623382568359 5.524304866790771 43.16147613525391 7.819554805755615 C 45.45672607421875 10.11480522155762 47.25870513916016 12.78744506835938 48.51736450195312 15.76323509216309 C 49.82035446166992 18.84386444091797 50.48103332519531 22.1165943145752 50.48103332519531 25.49051475524902 C 50.48103332519531 28.86443519592285 49.82035446166992 32.13716506958008 48.51736450195312 35.21779632568359 C 47.25870513916016 38.19359588623047 45.45672607421875 40.86623382568359 43.16147613525391 43.16147613525391 C 40.86623382568359 45.45672607421875 38.19359588623047 47.25870513916016 35.21779632568359 48.51736450195312 C 32.13716506958008 49.82035446166992 28.86443519592285 50.48103332519531 25.49051475524902 50.48103332519531 Z\" stroke=\"none\"><\/path><path d=\"M 25.49051475524902 0.9999961853027344 C 22.18387413024902 0.9999961853027344 18.9766731262207 1.647384643554688 15.95800399780273 2.924175262451172 C 13.04181289672852 4.157615661621094 10.4225959777832 5.923614501953125 8.173103332519531 8.173103332519531 C 5.923614501953125 10.4225959777832 4.157615661621094 13.04181289672852 2.924175262451172 15.95800399780273 C 1.647384643554688 18.9766731262207 0.9999961853027344 22.18387413024902 0.9999961853027344 25.49051475524902 C 0.9999961853027344 28.79715538024902 1.647384643554688 32.00435638427734 2.924175262451172 35.02301406860352 C 4.157615661621094 37.93921661376953 5.923614501953125 40.55843353271484 8.173103332519531 42.80792617797852 C 10.4225959777832 45.05740356445312 13.04181289672852 46.82340621948242 15.95800399780273 48.05684661865234 C 18.9766731262207 49.33363342285156 22.18387413024902 49.98102569580078 25.49051475524902 49.98102569580078 C 28.79715538024902 49.98102569580078 32.00435638427734 49.33363342285156 35.02301406860352 48.05684661865234 C 37.93921661376953 46.82340621948242 40.55843353271484 45.05740356445312 42.80792617797852 42.80792617797852 C 45.05740356445312 40.55843353271484 46.82340621948242 37.93921661376953 48.05684661865234 35.02301406860352 C 49.33363342285156 32.00435638427734 49.98102569580078 28.79715538024902 49.98102569580078 25.49051475524902 C 49.98102569580078 22.18387413024902 49.33363342285156 18.9766731262207 48.05684661865234 15.95800399780273 C 46.82340621948242 13.04181289672852 45.05740356445312 10.4225959777832 42.80792617797852 8.173103332519531 C 40.55843353271484 5.923614501953125 37.93921661376953 4.157615661621094 35.02301406860352 2.924175262451172 C 32.00435638427734 1.647384643554688 28.79715538024902 0.9999961853027344 25.49051475524902 0.9999961853027344 M 25.49051475524902 -3.814697265625e-06 C 39.56853485107422 -3.814697265625e-06 50.98102569580078 11.41249465942383 50.98102569580078 25.49051475524902 C 50.98102569580078 39.56853485107422 39.56853485107422 50.98102569580078 25.49051475524902 50.98102569580078 C 11.41249465942383 50.98102569580078 -3.814697265625e-06 39.56853485107422 -3.814697265625e-06 25.49051475524902 C -3.814697265625e-06 11.41249465942383 11.41249465942383 -3.814697265625e-06 25.49051475524902 -3.814697265625e-06 Z\" stroke=\"none\" fill=\"#fff\"><\/path><\/g><path id=\"Icon_akar-instagram-fill\" data-name=\"Icon akar-instagram-fill\" d=\"M7.378,1.56C8.445,1.511,8.785,1.5,11.5,1.5s3.057.012,4.123.06a7.361,7.361,0,0,1,2.43.465A5.12,5.12,0,0,1,20.978,4.95a7.356,7.356,0,0,1,.466,2.428c.049,1.068.06,1.408.06,4.124s-.012,3.057-.06,4.123a7.332,7.332,0,0,1-.466,2.428,5.106,5.106,0,0,1-2.924,2.925,7.356,7.356,0,0,1-2.428.466c-1.067.049-1.408.06-4.124.06s-3.057-.012-4.123-.06a7.332,7.332,0,0,1-2.428-.466,5.111,5.111,0,0,1-2.926-2.924,7.382,7.382,0,0,1-.465-2.428c-.049-1.068-.06-1.408-.06-4.124s.012-3.057.06-4.123a7.361,7.361,0,0,1,.465-2.43A4.906,4.906,0,0,1,3.179,3.178,4.9,4.9,0,0,1,4.95,2.025,7.382,7.382,0,0,1,7.377,1.56Zm8.165,1.8C14.489,3.312,14.172,3.3,11.5,3.3s-2.987.01-4.042.058A5.528,5.528,0,0,0,5.6,3.7,3.3,3.3,0,0,0,3.7,5.6,5.528,5.528,0,0,0,3.36,7.46C3.312,8.515,3.3,8.831,3.3,11.5s.01,2.987.058,4.042A5.528,5.528,0,0,0,3.7,17.4a3.3,3.3,0,0,0,1.9,1.9,5.528,5.528,0,0,0,1.858.345c1.055.048,1.37.058,4.042.058s2.987-.01,4.042-.058A5.528,5.528,0,0,0,17.4,19.3a3.3,3.3,0,0,0,1.9-1.9,5.528,5.528,0,0,0,.345-1.858c.048-1.055.058-1.371.058-4.042s-.01-2.987-.058-4.042A5.528,5.528,0,0,0,19.3,5.6a3.3,3.3,0,0,0-1.9-1.9,5.528,5.528,0,0,0-1.858-.345ZM10.224,14.585A3.337,3.337,0,1,0,8.165,11.5a3.336,3.336,0,0,0,2.059,3.083ZM7.867,7.867a5.141,5.141,0,1,1,0,7.27,5.141,5.141,0,0,1,0-7.27Zm9.916-.74A1.216,1.216,0,1,0,16.089,7.1,1.216,1.216,0,0,0,17.783,7.126Z\" transform=\"translate(383.989 116.008)\" fill=\"#fff\"><\/path><\/g><\/svg>\t\t\t<\/a>\n\t\t<\/div>\n\t\t\t\t\t\t<\/div>\n\t\t\t\t<\/div>\n\t\t\t\t<div class=\"elementor-element elementor-element-f060167 elementor-widget__width-initial elementor-widget elementor-widget-image\" data-id=\"f060167\" data-element_type=\"widget\" data-widget_type=\"image.default\">\n\t\t\t\t<div class=\"elementor-widget-container\">\n\t\t\t\t\t\t\t\t\t\t\t\t\t\t\t\t<a href=\"https:\/\/avento.travel\/en\/\">\n\t\t\t\t\t\t\t<img decoding=\"async\" width=\"180\" height=\"227\" src=\"https:\/\/avento.travel\/wp-content\/uploads\/2025\/10\/Grupo-4.png\" class=\"attachment-large size-large wp-image-3059\" alt=\"\" srcset=\"https:\/\/avento.travel\/wp-content\/uploads\/2025\/10\/Grupo-4.png 180w, https:\/\/avento.travel\/wp-content\/uploads\/2025\/10\/Grupo-4-10x12.png 10w\" sizes=\"(max-width: 180px) 100vw, 180px\" \/>\t\t\t\t\t\t\t\t<\/a>\n\t\t\t\t\t\t\t\t\t\t\t\t\t\t\t<\/div>\n\t\t\t\t<\/div>\n\t\t\t\t<div class=\"elementor-element elementor-element-6b8b5d3 elementor-align-right elementor-widget__width-initial elementor-widget elementor-widget-button\" data-id=\"6b8b5d3\" data-element_type=\"widget\" data-widget_type=\"button.default\">\n\t\t\t\t<div class=\"elementor-widget-container\">\n\t\t\t\t\t\t\t\t\t<div class=\"elementor-button-wrapper\">\n\t\t\t\t\t<a class=\"elementor-button elementor-button-link elementor-size-sm\" href=\"https:\/\/avento.travel\/en\/#form\">\n\t\t\t\t\t\t<span class=\"elementor-button-content-wrapper\">\n\t\t\t\t\t\t\t\t\t<span class=\"elementor-button-text\">Contact<\/span>\n\t\t\t\t\t<\/span>\n\t\t\t\t\t<\/a>\n\t\t\t\t<\/div>\n\t\t\t\t\t\t\t\t<\/div>\n\t\t\t\t<\/div>\n\t\t\t\t<\/div>\n\t\t\t\t\t<\/div>\n\t\t\t\t<\/div>\n\t\t<div class=\"elementor-element elementor-element-6d011e4 e-flex e-con-boxed e-con e-parent\" data-id=\"6d011e4\" data-element_type=\"container\" data-settings=\"{&quot;background_background&quot;:&quot;classic&quot;,&quot;jet_parallax_layout_list&quot;:[]}\">\n\t\t\t\t\t<div class=\"e-con-inner\">\n\t\t\t\t<div class=\"elementor-element elementor-element-a3cb80a elementor-widget elementor-widget-heading\" data-id=\"a3cb80a\" data-element_type=\"widget\" data-widget_type=\"heading.default\">\n\t\t\t\t<div class=\"elementor-widget-container\">\n\t\t\t\t\t<h2 class=\"elementor-heading-title elementor-size-default\">Sua jornada come\u00e7a agora<\/h2>\t\t\t\t<\/div>\n\t\t\t\t<\/div>\n\t\t\t\t<div class=\"elementor-element elementor-element-18da7fa elementor-widget elementor-widget-heading\" data-id=\"18da7fa\" data-element_type=\"widget\" data-widget_type=\"heading.default\">\n\t\t\t\t<div class=\"elementor-widget-container\">\n\t\t\t\t\t<h2 class=\"elementor-heading-title elementor-size-default\">Obrigado por entrar em contato com a Avento!<\/h2>\t\t\t\t<\/div>\n\t\t\t\t<\/div>\n\t\t\t\t<div class=\"elementor-element elementor-element-f6fe029 elementor-widget elementor-widget-heading\" data-id=\"f6fe029\" data-element_type=\"widget\" data-widget_type=\"heading.default\">\n\t\t\t\t<div class=\"elementor-widget-container\">\n\t\t\t\t\t<h2 class=\"elementor-heading-title elementor-size-default\">Nosso time retornar\u00e1 em breve para criar sua experi\u00eancia sob medida.<\/h2>\t\t\t\t<\/div>\n\t\t\t\t<\/div>\n\t\t\t\t<div class=\"elementor-element elementor-element-c853ea4 elementor-align-center elementor-widget__width-initial elementor-widget elementor-widget-button\" data-id=\"c853ea4\" data-element_type=\"widget\" data-widget_type=\"button.default\">\n\t\t\t\t<div class=\"elementor-widget-container\">\n\t\t\t\t\t\t\t\t\t<div class=\"elementor-button-wrapper\">\n\t\t\t\t\t<a class=\"elementor-button elementor-button-link elementor-size-sm\" href=\"https:\/\/www.instagram.com\/aventotravel\/\" target=\"_blank\">\n\t\t\t\t\t\t<span class=\"elementor-button-content-wrapper\">\n\t\t\t\t\t\t<span class=\"elementor-button-icon\">\n\t\t\t\t<svg aria-hidden=\"true\" class=\"e-font-icon-svg e-fab-instagram\" viewbox=\"0 0 448 512\" xmlns=\"http:\/\/www.w3.org\/2000\/svg\"><path d=\"M224.1 141c-63.6 0-114.9 51.3-114.9 114.9s51.3 114.9 114.9 114.9S339 319.5 339 255.9 287.7 141 224.1 141zm0 189.6c-41.1 0-74.7-33.5-74.7-74.7s33.5-74.7 74.7-74.7 74.7 33.5 74.7 74.7-33.6 74.7-74.7 74.7zm146.4-194.3c0 14.9-12 26.8-26.8 26.8-14.9 0-26.8-12-26.8-26.8s12-26.8 26.8-26.8 26.8 12 26.8 26.8zm76.1 27.2c-1.7-35.9-9.9-67.7-36.2-93.9-26.2-26.2-58-34.4-93.9-36.2-37-2.1-147.9-2.1-184.9 0-35.8 1.7-67.6 9.9-93.9 36.1s-34.4 58-36.2 93.9c-2.1 37-2.1 147.9 0 184.9 1.7 35.9 9.9 67.7 36.2 93.9s58 34.4 93.9 36.2c37 2.1 147.9 2.1 184.9 0 35.9-1.7 67.7-9.9 93.9-36.2 26.2-26.2 34.4-58 36.2-93.9 2.1-37 2.1-147.8 0-184.8zM398.8 388c-7.8 19.6-22.9 34.7-42.6 42.6-29.5 11.7-99.5 9-132.1 9s-102.7 2.6-132.1-9c-19.6-7.8-34.7-22.9-42.6-42.6-11.7-29.5-9-99.5-9-132.1s-2.6-102.7 9-132.1c7.8-19.6 22.9-34.7 42.6-42.6 29.5-11.7 99.5-9 132.1-9s102.7-2.6 132.1 9c19.6 7.8 34.7 22.9 42.6 42.6 11.7 29.5 9 99.5 9 132.1s2.7 102.7-9 132.1z\"><\/path><\/svg>\t\t\t<\/span>\n\t\t\t\t\t\t\t\t\t<span class=\"elementor-button-text\">Siga-nos e se inspire.<\/span>\n\t\t\t\t\t<\/span>\n\t\t\t\t\t<\/a>\n\t\t\t\t<\/div>\n\t\t\t\t\t\t\t\t<\/div>\n\t\t\t\t<\/div>\n\t\t\t\t\t<\/div>\n\t\t\t\t<\/div>\n\t\t<div class=\"elementor-element elementor-element-63524de e-flex e-con-boxed e-con e-parent\" data-id=\"63524de\" data-element_type=\"container\" data-settings=\"{&quot;jet_parallax_layout_list&quot;:[]}\">\n\t\t\t\t\t<div class=\"e-con-inner\">\n\t\t\t\t<div class=\"elementor-element elementor-element-ff2dadc elementor-widget elementor-widget-text-editor\" data-id=\"ff2dadc\" data-element_type=\"widget\" data-widget_type=\"text-editor.default\">\n\t\t\t\t<div class=\"elementor-widget-container\">\n\t\t\t\t\t\t\t\t\t<span style=\"color: #ffffff;\"><a style=\"color: #ffffff;\" href=\"https:\/\/uplevelmarketingdigital.com.br\/\" target=\"_blank\" rel=\"noopener\">Developed with <img decoding=\"async\" class=\"alignnone size-full wp-image-115\" src=\"https:\/\/avento.travel\/wp-content\/uploads\/2025\/03\/logo-up.png\" alt=\"\" width=\"11\" height=\"9\" \/> pela UPLevel Marketing Digital &#8211; All Rights Reserved<\/a><\/span>\t\t\t\t\t\t\t\t<\/div>\n\t\t\t\t<\/div>\n\t\t\t\t\t<\/div>\n\t\t\t\t<\/div>\n\t\t\t\t<\/div>","protected":false},"excerpt":{"rendered":"<p>Contato Sua jornada come\u00e7a agora Obrigado por entrar em contato com a Avento! Nosso time retornar\u00e1 em breve para criar sua experi\u00eancia sob medida. Siga-nos e se inspire. Desenvolvido com pela UPLevel Marketing Digital &#8211; All Rights Reserved<\/p>","protected":false},"author":2,"featured_media":0,"parent":0,"menu_order":0,"comment_status":"closed","ping_status":"closed","template":"elementor_canvas","meta":{"footnotes":""},"class_list":["post-3088","page","type-page","status-publish","hentry"],"_links":{"self":[{"href":"https:\/\/avento.travel\/en\/wp-json\/wp\/v2\/pages\/3088","targetHints":{"allow":["GET"]}}],"collection":[{"href":"https:\/\/avento.travel\/en\/wp-json\/wp\/v2\/pages"}],"about":[{"href":"https:\/\/avento.travel\/en\/wp-json\/wp\/v2\/types\/page"}],"author":[{"embeddable":true,"href":"https:\/\/avento.travel\/en\/wp-json\/wp\/v2\/users\/2"}],"replies":[{"embeddable":true,"href":"https:\/\/avento.travel\/en\/wp-json\/wp\/v2\/comments?post=3088"}],"version-history":[{"count":4,"href":"https:\/\/avento.travel\/en\/wp-json\/wp\/v2\/pages\/3088\/revisions"}],"predecessor-version":[{"id":3094,"href":"https:\/\/avento.travel\/en\/wp-json\/wp\/v2\/pages\/3088\/revisions\/3094"}],"wp:attachment":[{"href":"https:\/\/avento.travel\/en\/wp-json\/wp\/v2\/media?parent=3088"}],"curies":[{"name":"wp","href":"https:\/\/api.w.org\/{rel}","templated":true}]}}