{"id":1596,"date":"2025-09-19T13:04:33","date_gmt":"2025-09-19T13:04:33","guid":{"rendered":"https:\/\/dev.uplevelbrasil.com.br\/avento\/?page_id=1596"},"modified":"2025-09-22T18:09:52","modified_gmt":"2025-09-22T18:09:52","slug":"pagina-de-obrigado","status":"publish","type":"page","link":"https:\/\/avento.travel\/en\/pagina-de-obrigado\/","title":{"rendered":"P\u00e1gina de Obrigado"},"content":{"rendered":"<div data-elementor-type=\"wp-page\" data-elementor-id=\"1596\" class=\"elementor elementor-1596\" data-elementor-post-type=\"page\">\n\t\t\t\t<div class=\"elementor-element elementor-element-614c178 e-flex e-con-boxed e-con e-parent\" data-id=\"614c178\" data-element_type=\"container\" data-settings=\"{&quot;background_background&quot;:&quot;classic&quot;,&quot;jet_parallax_layout_list&quot;:[]}\">\n\t\t\t\t\t<div class=\"e-con-inner\">\n\t\t\t\t<div class=\"elementor-element elementor-element-a6d7549 elementor-widget elementor-widget-heading\" data-id=\"a6d7549\" data-element_type=\"widget\" data-widget_type=\"heading.default\">\n\t\t\t\t<div class=\"elementor-widget-container\">\n\t\t\t\t\t<h2 class=\"elementor-heading-title elementor-size-default\">Recebemos sua mensagem!<\/h2>\t\t\t\t<\/div>\n\t\t\t\t<\/div>\n\t\t\t\t<div class=\"elementor-element elementor-element-206ce2d elementor-widget elementor-widget-text-editor\" data-id=\"206ce2d\" data-element_type=\"widget\" data-widget_type=\"text-editor.default\">\n\t\t\t\t<div class=\"elementor-widget-container\">\n\t\t\t\t\t\t\t\t\t<p>\u00a0Em breve, um de nossos travel designers entrar\u00e1 em contato para come\u00e7ar a desenhar a sua pr\u00f3xima mem\u00f3ria de viagem.<\/p>\t\t\t\t\t\t\t\t<\/div>\n\t\t\t\t<\/div>\n\t\t\t\t\t<\/div>\n\t\t\t\t<\/div>\n\t\t<div class=\"elementor-element elementor-element-ed8e894 e-flex e-con-boxed e-con e-parent\" data-id=\"ed8e894\" data-element_type=\"container\" data-settings=\"{&quot;background_background&quot;:&quot;classic&quot;,&quot;jet_parallax_layout_list&quot;:[]}\">\n\t\t\t\t\t<div class=\"e-con-inner\">\n\t\t\t\t<div class=\"elementor-element elementor-element-0a55930 elementor-widget elementor-widget-heading\" data-id=\"0a55930\" data-element_type=\"widget\" data-widget_type=\"heading.default\">\n\t\t\t\t<div class=\"elementor-widget-container\">\n\t\t\t\t\t<h2 class=\"elementor-heading-title elementor-size-default\">Enquanto isso, inspire-se com nossas \u00faltimas experi\u00eancias<\/h2>\t\t\t\t<\/div>\n\t\t\t\t<\/div>\n\t\t\t\t<div class=\"elementor-element elementor-element-eadbb01 elementor-widget elementor-widget-image\" data-id=\"eadbb01\" data-element_type=\"widget\" data-widget_type=\"image.default\">\n\t\t\t\t<div class=\"elementor-widget-container\">\n\t\t\t\t\t\t\t\t\t\t\t\t\t\t\t<img fetchpriority=\"high\" decoding=\"async\" width=\"1180\" height=\"525\" src=\"https:\/\/avento.travel\/wp-content\/uploads\/2025\/09\/Frame-48.png\" class=\"attachment-full size-full wp-image-1599\" alt=\"\" srcset=\"https:\/\/avento.travel\/wp-content\/uploads\/2025\/09\/Frame-48.png 1180w, https:\/\/avento.travel\/wp-content\/uploads\/2025\/09\/Frame-48-300x133.png 300w, https:\/\/avento.travel\/wp-content\/uploads\/2025\/09\/Frame-48-1024x456.png 1024w, https:\/\/avento.travel\/wp-content\/uploads\/2025\/09\/Frame-48-768x342.png 768w\" sizes=\"(max-width: 1180px) 100vw, 1180px\" \/>\t\t\t\t\t\t\t\t\t\t\t\t\t\t\t<\/div>\n\t\t\t\t<\/div>\n\t\t\t\t<div class=\"elementor-element elementor-element-9dbb0b2 elementor-align-center elementor-widget elementor-widget-button\" data-id=\"9dbb0b2\" data-element_type=\"widget\" data-widget_type=\"button.default\">\n\t\t\t\t<div class=\"elementor-widget-container\">\n\t\t\t\t\t\t\t\t\t<div class=\"elementor-button-wrapper\">\n\t\t\t\t\t<a class=\"elementor-button elementor-button-link elementor-size-sm\" href=\"#\">\n\t\t\t\t\t\t<span class=\"elementor-button-content-wrapper\">\n\t\t\t\t\t\t\t\t\t<span class=\"elementor-button-text\">Acessar Instagram<\/span>\n\t\t\t\t\t<\/span>\n\t\t\t\t\t<\/a>\n\t\t\t\t<\/div>\n\t\t\t\t\t\t\t\t<\/div>\n\t\t\t\t<\/div>\n\t\t\t\t\t<\/div>\n\t\t\t\t<\/div>\n\t\t\t\t<\/div>","protected":false},"excerpt":{"rendered":"<p>Recebemos sua mensagem! \u00a0Em breve, um de nossos travel designers entrar\u00e1 em contato para come\u00e7ar a desenhar a sua pr\u00f3xima mem\u00f3ria de viagem. Enquanto isso, inspire-se com nossas \u00faltimas experi\u00eancias Acessar Instagram<\/p>","protected":false},"author":2,"featured_media":0,"parent":0,"menu_order":0,"comment_status":"closed","ping_status":"closed","template":"","meta":{"footnotes":""},"class_list":["post-1596","page","type-page","status-publish","hentry"],"_links":{"self":[{"href":"https:\/\/avento.travel\/en\/wp-json\/wp\/v2\/pages\/1596","targetHints":{"allow":["GET"]}}],"collection":[{"href":"https:\/\/avento.travel\/en\/wp-json\/wp\/v2\/pages"}],"about":[{"href":"https:\/\/avento.travel\/en\/wp-json\/wp\/v2\/types\/page"}],"author":[{"embeddable":true,"href":"https:\/\/avento.travel\/en\/wp-json\/wp\/v2\/users\/2"}],"replies":[{"embeddable":true,"href":"https:\/\/avento.travel\/en\/wp-json\/wp\/v2\/comments?post=1596"}],"version-history":[{"count":19,"href":"https:\/\/avento.travel\/en\/wp-json\/wp\/v2\/pages\/1596\/revisions"}],"predecessor-version":[{"id":1947,"href":"https:\/\/avento.travel\/en\/wp-json\/wp\/v2\/pages\/1596\/revisions\/1947"}],"wp:attachment":[{"href":"https:\/\/avento.travel\/en\/wp-json\/wp\/v2\/media?parent=1596"}],"curies":[{"name":"wp","href":"https:\/\/api.w.org\/{rel}","templated":true}]}}